{"id":146,"date":"2024-06-21T02:20:15","date_gmt":"2024-06-21T00:20:15","guid":{"rendered":"https:\/\/meein.com.mx\/?page_id=146"},"modified":"2024-09-10T00:49:55","modified_gmt":"2024-09-09T22:49:55","slug":"manejo-de-materiales","status":"publish","type":"page","link":"https:\/\/meein.com.mx\/en\/soluciones\/manejo-de-materiales\/","title":{"rendered":"Material Handling"},"content":{"rendered":"<div class=\"wpb-content-wrapper\"><div class=\"vc_row wpb_row vc_row-fluid\"><div class=\"wpb_column vc_column_container vc_col-sm-3\"><div class=\"vc_column-inner\"><div class=\"wpb_wrapper\"><div class=\"vc_empty_space\"   style=\"height: 24px\"><span class=\"vc_empty_space_inner\"><\/span><\/div><div  class=\"vc_wp_custommenu wpb_content_element\"><div class=\"widget widget_nav_menu\"><h2 class=\"widgettitle\">Capabilities<\/h2><div class=\"menu-soluciones-container\"><ul id=\"menu-soluciones\" class=\"menu\"><li id=\"menu-item-114\" class=\"menu-item menu-item-type-post_type menu-item-object-page menu-item-114\"><a href=\"https:\/\/meein.com.mx\/en\/soluciones\/ensamble\/\">Assembly<\/a><\/li>\n<li id=\"menu-item-125\" class=\"menu-item menu-item-type-post_type menu-item-object-page menu-item-125\"><a href=\"https:\/\/meein.com.mx\/en\/soluciones\/sistemas-de-inspeccion-y-pruebas\/\">Test And Inspection Systems<\/a><\/li>\n<li id=\"menu-item-139\" class=\"menu-item menu-item-type-post_type menu-item-object-page menu-item-139\"><a href=\"https:\/\/meein.com.mx\/en\/soluciones\/vision-trazabilidad-y-marcado\/\">Vision, Traceability And Marking<\/a><\/li>\n<li id=\"menu-item-149\" class=\"menu-item menu-item-type-post_type menu-item-object-page menu-item-149\"><a href=\"https:\/\/meein.com.mx\/en\/soluciones\/manejo-de-materiales\/\">Material Handling<\/a><\/li>\n<li id=\"menu-item-157\" class=\"menu-item menu-item-type-post_type menu-item-object-page menu-item-157\"><a href=\"https:\/\/meein.com.mx\/en\/soluciones\/fixtures-herramientas-calibradores\/\">Fixtures \/ Tooling \/ Gauges<\/a><\/li>\n<li id=\"menu-item-176\" class=\"menu-item menu-item-type-post_type menu-item-object-page menu-item-176\"><a href=\"https:\/\/meein.com.mx\/en\/soluciones\/soluciones-digitales\/\">Digital Solutions<\/a><\/li>\n<\/ul><\/div><\/div><\/div><div class=\"vc_empty_space\"   style=\"height: 64px\"><span class=\"vc_empty_space_inner\"><\/span><\/div><\/div><\/div><\/div><div class=\"wpb_column vc_column_container vc_col-sm-9 vc_col-has-fill\"><div class=\"vc_column-inner vc_custom_1718922107942\"><div class=\"wpb_wrapper\"><div class=\"vc_row wpb_row vc_inner vc_row-fluid\"><div class=\"wpb_column vc_column_container vc_col-sm-6\"><div class=\"vc_column-inner\"><div class=\"wpb_wrapper\"><div class=\"uavc-list-icon uavc-list-icon-wrapper ult-adjust-bottom-margin\"><ul class=\"uavc-list\"><li><div class=\"uavc-list-content\" id=\"list-icon-wrap-4021\">\n<div class=\"uavc-list-icon\" data-animation=\"\" data-animation-delay=\"03\" style=\"margin-right:30px;\"><div class=\"ult-just-icon-wrapper\"><div class=\"align-icon\" style=\"text-align:center;\">\n<div class=\"aio-icon-img\" style=\"font-size:50px;display:inline-block;\" >\n\t<img decoding=\"async\" class=\"img-icon\" alt=\"null\" src=\"https:\/\/meein.com.mx\/wp-content\/uploads\/2024\/09\/meein-mecatronica_e_integracion-Manejo_de_materiales_01.png\"\/>\n<\/div><\/div><\/div>\n<\/div><span  data-ultimate-target='#list-icon-wrap-4021 .uavc-list-desc'  data-responsive-json-new='{\"font-size\":\"\",\"line-height\":\"\"}'  class=\"uavc-list-desc ult-responsive\" style=\"\"><\/p>\n<h3>Material Handling<\/h3>\n<p><\/span><\/div><\/li><\/ul><\/div>\n\t<div class=\"wpb_text_column wpb_content_element  wpb_animate_when_almost_visible wpb_bottom-to-top bottom-to-top\" >\n\t\t<div class=\"wpb_wrapper\">\n\t\t\t<p style=\"text-align: justify;\">The design of the correct material handling system is fundamental for the good performance of a manufacturing line, in MEEIN we make a detailed analysis to select the most adequate system according to: type of product, handling specifications, layout, production volume, among other important characteristics.<\/p>\n<p style=\"text-align: justify;\">We have the capacity to design a customized system or install a commercial solution.<\/p>\n\n\t\t<\/div>\n\t<\/div>\n<\/div><\/div><\/div><div class=\"wpb_column vc_column_container vc_col-sm-6\"><div class=\"vc_column-inner\"><div class=\"wpb_wrapper\"><style type=\"text\/css\" data-type=\"the7_shortcodes-inline-css\">.shortcode-single-image-wrap.shortcode-single-image-a2554c2fd20734d28187f0b444cd2051.enable-bg-rollover .rollover i,\n.shortcode-single-image-wrap.shortcode-single-image-a2554c2fd20734d28187f0b444cd2051.enable-bg-rollover .rollover-video i {\n  background: -webkit-linear-gradient();\n  background: linear-gradient();\n}\n.shortcode-single-image-wrap.shortcode-single-image-a2554c2fd20734d28187f0b444cd2051 .rollover-icon {\n  font-size: 32px;\n  color: #ffffff;\n  min-width: 44px;\n  min-height: 44px;\n  line-height: 44px;\n  border-radius: 100px;\n  border-style: solid;\n  border-width: 0px;\n}\n.dt-icon-bg-on.shortcode-single-image-wrap.shortcode-single-image-a2554c2fd20734d28187f0b444cd2051 .rollover-icon {\n  background: rgba(255,255,255,0.3);\n  box-shadow: none;\n}\n<\/style><div class=\"shortcode-single-image-wrap shortcode-single-image-a2554c2fd20734d28187f0b444cd2051 alignnone fadeIn animate-element  enable-bg-rollover dt-icon-bg-off\" style=\"margin-top:0px; margin-bottom:0px; margin-left:0px; margin-right:0px;\"><div class=\"shortcode-single-image\"><div class=\"fancy-media-wrap  layzr-bg\" style=\"\"><img fetchpriority=\"high\" decoding=\"async\" class=\"preload-me lazy-load aspect\" src=\"data:image\/svg+xml,%3Csvg%20xmlns%3D&#39;http%3A%2F%2Fwww.w3.org%2F2000%2Fsvg&#39;%20viewBox%3D&#39;0%200%20464%20476&#39;%2F%3E\" data-src=\"https:\/\/meein.com.mx\/wp-content\/uploads\/2024\/08\/manejo-de-materiales-1.png\" data-srcset=\"https:\/\/meein.com.mx\/wp-content\/uploads\/2024\/08\/manejo-de-materiales-1.png 464w\" loading=\"eager\" sizes=\"(max-width: 464px) 100vw, 464px\" width=\"464\" height=\"476\"  data-dt-location=\"https:\/\/meein.com.mx\/en\/soluciones\/manejo-de-materiales\/manejo-de-materiales-3\/\" style=\"--ratio: 464 \/ 476;\" alt=\"\" \/><\/div><\/div><\/div><\/div><\/div><\/div><\/div><div class=\"vc_empty_space\"   style=\"height: 24px\"><span class=\"vc_empty_space_inner\"><\/span><\/div><div class=\"standard-arrow bullet-top\"><h4>Material Handling Systems<\/h4>\n<ul>\n<li>Conveyor de rodillos, cadena de acumulaci\u00f3n o tablillas para sistemas paletizados.<\/li>\n<li>Synchronous precision systems: radial, linear indexing, transfer, etc.<\/li>\n<li>Belt conveyors<\/li>\n<li>Guided systems such as elevators, gantries, turntables, etc.<\/li>\n<li>AGVs systems<\/li>\n<li>Robotic Solutions<\/li>\n<\/ul>\n<\/div><div class=\"vc_empty_space\"   style=\"height: 32px\"><span class=\"vc_empty_space_inner\"><\/span><\/div><div class=\"standard-arrow bullet-top\"><h4>Design and manufacture of special tooling:<\/h4>\n<ul>\n<li>EOAT - End of Arm for Robotic Systems from 3 to 6 axes.<\/li>\n<li>Automatic or manual (assisted) manipulators from 2 to 4 axis<\/li>\n<li>Sistemas de cero gravedad.<\/li>\n<\/ul>\n<\/div><div class=\"vc_empty_space\"   style=\"height: 32px\"><span class=\"vc_empty_space_inner\"><\/span><\/div><div class=\"standard-arrow bullet-top\"><h4>Part feeders<\/h4>\n<ul>\n<li>Integration of part feeders, orienteers and separators.<\/li>\n<li>High-speed servo-controlled Pick &amp; Place<\/li>\n<li>Gripper for handling and assembly small parts<\/li>\n<\/ul>\n<\/div><div class=\"vc_empty_space\"   style=\"height: 64px\"><span class=\"vc_empty_space_inner\"><\/span><\/div><\/div><\/div><\/div><\/div><div class=\"vc_row wpb_row vc_row-fluid pushUp\"><div class=\"wpb_column vc_column_container vc_col-sm-12\"><div class=\"vc_column-inner\"><div class=\"wpb_wrapper\"><div class=\"vc_empty_space\"   style=\"height: 64px\"><span class=\"vc_empty_space_inner\"><\/span><\/div><\/div><\/div><\/div><\/div><div data-vc-full-width=\"true\" data-vc-full-width-init=\"false\" class=\"vc_row wpb_row vc_row-fluid vc_custom_1718920938947 vc_row-has-fill\"><div class=\"wpb_column vc_column_container vc_col-sm-12 vc_hidden-xs\"><div class=\"vc_column-inner vc_custom_1718847246727\"><div class=\"wpb_wrapper\"><div class=\"vc_row wpb_row vc_inner vc_row-fluid vc_custom_1718836250733\"><div class=\"wpb_column vc_column_container vc_col-sm-2\/5 vc_col-has-fill\"><div class=\"vc_column-inner vc_custom_1718836483433\"><div class=\"wpb_wrapper\"><h3 style=\"color: #39b54a;text-align: left\" class=\"vc_custom_heading vc_do_custom_heading wpb_animate_when_almost_visible wpb_left-to-right left-to-right\" >CASE STUDY<\/h3><\/div><\/div><\/div><div class=\"wpb_column vc_column_container vc_col-sm-3\/5\"><div class=\"vc_column-inner\"><div class=\"wpb_wrapper\"><\/div><\/div><\/div><\/div><div class=\"vc_empty_space\"   style=\"height: 64px\"><span class=\"vc_empty_space_inner\"><\/span><\/div><div class=\"vc_row wpb_row vc_inner vc_row-fluid\"><div class=\"wpb_column vc_column_container vc_col-sm-6\"><div class=\"vc_column-inner\"><div class=\"wpb_wrapper\">\n\t<div class=\"wpb_text_column wpb_content_element  wpb_animate_when_almost_visible wpb_left-to-right left-to-right\" >\n\t\t<div class=\"wpb_wrapper\">\n\t\t\t<h4>TITLE \u201cCASE STUDY\u201d<\/h4>\n<p>&nbsp;<\/p>\n<p style=\"text-align: justify;\">Lorem ipsum dolor sit amet consectetur. Egestas nunc eget feugiat orci neque id sem integer a. Purus tortor augue vestibulum venenatis quam blandit quisque libero. Varius tortor tortor eget molestie a morbi. Habitant vitae tempus varius tellus nam varius faucibus pretium.<\/p>\n<p>&nbsp;<\/p>\n<p style=\"text-align: justify;\">Lorem ipsum dolor sit amet consectetur. Egestas nunc eget feugiat orci neque id sem integer a. Purus tortor augue vestibulum venenatis quam blandit quisque libero. Varius tortor tortor eget molestie a morbi. Habitant vitae tempus varius tellus nam varius faucibus pretium.<\/p>\n\n\t\t<\/div>\n\t<\/div>\n<\/div><\/div><\/div><div class=\"wpb_column vc_column_container vc_col-sm-6\"><div class=\"vc_column-inner\"><div class=\"wpb_wrapper\"><style type=\"text\/css\" data-type=\"the7_shortcodes-inline-css\">.shortcode-single-image-wrap.shortcode-single-image-5a54c875e8944d07e02c0a9402f7cd0f.enable-bg-rollover .rollover i,\n.shortcode-single-image-wrap.shortcode-single-image-5a54c875e8944d07e02c0a9402f7cd0f.enable-bg-rollover .rollover-video i {\n  background: -webkit-linear-gradient();\n  background: linear-gradient();\n}\n.shortcode-single-image-wrap.shortcode-single-image-5a54c875e8944d07e02c0a9402f7cd0f .rollover-icon {\n  font-size: 32px;\n  color: #ffffff;\n  min-width: 44px;\n  min-height: 44px;\n  line-height: 44px;\n  border-radius: 100px;\n  border-style: solid;\n  border-width: 0px;\n}\n.dt-icon-bg-on.shortcode-single-image-wrap.shortcode-single-image-5a54c875e8944d07e02c0a9402f7cd0f .rollover-icon {\n  background: rgba(255,255,255,0.3);\n  box-shadow: none;\n}\n<\/style><div class=\"shortcode-single-image-wrap shortcode-single-image-5a54c875e8944d07e02c0a9402f7cd0f alignnone fadeIn animate-element  enable-bg-rollover dt-icon-bg-off\" style=\"margin-top:0px; margin-bottom:0px; margin-left:0px; margin-right:0px;\"><div class=\"shortcode-single-image\"><div class=\"fancy-media-wrap  layzr-bg\" style=\"\"><img decoding=\"async\" class=\"preload-me lazy-load aspect\" src=\"data:image\/svg+xml,%3Csvg%20xmlns%3D&#39;http%3A%2F%2Fwww.w3.org%2F2000%2Fsvg&#39;%20viewBox%3D&#39;0%200%20368%20324&#39;%2F%3E\" data-src=\"https:\/\/meein.com.mx\/wp-content\/uploads\/2024\/06\/Frame-20.png\" data-srcset=\"https:\/\/meein.com.mx\/wp-content\/uploads\/2024\/06\/Frame-20.png 368w\" loading=\"eager\" sizes=\"(max-width: 368px) 100vw, 368px\" width=\"368\" height=\"324\"  data-dt-location=\"https:\/\/meein.com.mx\/en\/soluciones\/ensamble\/frame-20\/\" style=\"--ratio: 368 \/ 324;\" alt=\"\" \/><\/div><\/div><\/div><\/div><\/div><\/div><\/div><\/div><\/div><\/div><\/div><div class=\"vc_row-full-width vc_clearfix\"><\/div><div class=\"vc_row wpb_row vc_row-fluid\"><div class=\"wpb_column vc_column_container vc_col-sm-12\"><div class=\"vc_column-inner\"><div class=\"wpb_wrapper\"><div class=\"vc_empty_space\"   style=\"height: 64px\"><span class=\"vc_empty_space_inner\"><\/span><\/div><\/div><\/div><\/div><\/div><div class=\"vc_row wpb_row vc_row-fluid\"><div class=\"wpb_column vc_column_container vc_col-sm-12\"><div class=\"vc_column-inner\"><div class=\"wpb_wrapper\">\n\t<div class=\"wpb_raw_code wpb_raw_html wpb_content_element\" >\n\t\t<div class=\"wpb_wrapper\">\n\t\t\t<div class=\"vc_row wpb_row vc_row-fluid\"><div class=\"wpb_column vc_column_container vc_col-sm-6\"><div class=\"vc_column-inner\"><div class=\"wpb_wrapper\">\n\t<div class=\"wpb_text_column wpb_content_element\" >\n\t\t<div class=\"wpb_wrapper\">\n\t\t\t<h2 style=\"text-align: left;\">DO YOU NEED MORE INFO?<\/h2>\n\n\t\t<\/div>\n\t<\/div>\n<p style=\"font-size: 22px;text-align: left\" class=\"vc_custom_heading vc_do_custom_heading\" >Send us a message and tell us about your project<\/p><div class=\"vc_empty_space\"   style=\"height: 32px\"><span class=\"vc_empty_space_inner\"><\/span><\/div><div class=\"ubtn-ctn-left\"><a class=\"ubtn-link ult-adjust-bottom-margin ubtn-left ubtn-custom\" href=\"https:\/\/meein.com.mx\/en\/contacto\/\" ><button type=\"button\" id=\"ubtn-9627\"  class=\"ubtn ult-adjust-bottom-margin ult-responsive ubtn-custom ubtn-no-hover-bg  ulta-grow  ubtn-left   tooltip-69ea537e3d0c1\"  data-hover=\"#ffffff\" data-border-color=\"#39b54a\" data-bg=\"#39b54a\" data-hover-bg=\"rgba(57,181,74,0.5)\" data-border-hover=\"#39b54a\" data-shadow-hover=\"\" data-shadow-click=\"none\" data-shadow=\"\" data-shd-shadow=\"\"  data-ultimate-target='#ubtn-9627'  data-responsive-json-new='{\"font-size\":\"desktop:17px;\",\"line-height\":\"desktop:28px;\"}'  style=\"font-family:&#039;Open Sans&#039;;font-weight:bold;width:200px;min-height:50px;padding:px px;border-radius:10px;border-width:2px;border-color:#39b54a;border-style:solid;background: #39b54a;color: #ffffff;\"><span class=\"ubtn-hover\" style=\"background-color:rgba(57,181,74,0.5)\"><\/span><span class=\"ubtn-data ubtn-text\" >Contact Us<\/span><\/button><\/a><\/div><div class=\"vc_empty_space\"   style=\"height: 32px\"><span class=\"vc_empty_space_inner\"><\/span><\/div><\/div><\/div><\/div><div class=\"wpb_column vc_column_container vc_col-sm-6\"><div class=\"vc_column-inner\"><div class=\"wpb_wrapper\"><style type=\"text\/css\" data-type=\"the7_shortcodes-inline-css\">.shortcode-single-image-wrap.shortcode-single-image-438a32587f8aa1eec4c235b1c5af5e8a.enable-bg-rollover .rollover i,\n.shortcode-single-image-wrap.shortcode-single-image-438a32587f8aa1eec4c235b1c5af5e8a.enable-bg-rollover .rollover-video i {\n  background: -webkit-linear-gradient();\n  background: linear-gradient();\n}\n.shortcode-single-image-wrap.shortcode-single-image-438a32587f8aa1eec4c235b1c5af5e8a .rollover-icon {\n  font-size: 32px;\n  color: #ffffff;\n  min-width: 44px;\n  min-height: 44px;\n  line-height: 44px;\n  border-radius: 100px;\n  border-style: solid;\n  border-width: 0px;\n}\n.dt-icon-bg-on.shortcode-single-image-wrap.shortcode-single-image-438a32587f8aa1eec4c235b1c5af5e8a .rollover-icon {\n  background: rgba(255,255,255,0.3);\n  box-shadow: none;\n}\n<\/style><div class=\"shortcode-single-image-wrap shortcode-single-image-438a32587f8aa1eec4c235b1c5af5e8a alignnone  enable-bg-rollover dt-icon-bg-off\" style=\"margin-top:0px; margin-bottom:0px; margin-left:0px; margin-right:0px;\"><div class=\"shortcode-single-image\"><div class=\"fancy-media-wrap  layzr-bg\" style=\"\"><img decoding=\"async\" class=\"preload-me lazy-load aspect\" src=\"data:image\/svg+xml,%3Csvg%20xmlns%3D&#39;http%3A%2F%2Fwww.w3.org%2F2000%2Fsvg&#39;%20viewBox%3D&#39;0%200%20423%20242&#39;%2F%3E\" data-src=\"https:\/\/meein.com.mx\/wp-content\/uploads\/2024\/06\/meein-mecatronica_e_integracion-ensamble-contactanos.png\" data-srcset=\"https:\/\/meein.com.mx\/wp-content\/uploads\/2024\/06\/meein-mecatronica_e_integracion-ensamble-contactanos.png 423w\" loading=\"eager\" sizes=\"(max-width: 423px) 100vw, 423px\" width=\"423\" height=\"242\"  data-dt-location=\"https:\/\/meein.com.mx\/en\/soluciones\/ensamble\/meein-mecatronica_e_integracion-ensamble-contactanos\/\" style=\"--ratio: 423 \/ 242;\" alt=\"\" \/><\/div><\/div><\/div><\/div><\/div><\/div><\/div>\n\t\t<\/div>\n\t<\/div>\n<\/div><\/div><\/div><\/div>\n<\/div>","protected":false},"excerpt":{"rendered":"<p>SolucionesEnsamble Sistemas de Inspecci\u00f3n y Pruebas Visi\u00f3n, Trazabilidad y Marcado Manejo de materiales Fixtures \/ Herramientas \/ Calibradores Soluciones Digitales Manejo de materiales El dise\u00f1o del correcto sistema de manejo de materiales es fundamental para el buen desempe\u00f1o de una l\u00ednea de manufactura, en MEEIN realizamos un an\u00e1lisis detallado para seleccionar el sistema mas adecuado&hellip;<\/p>","protected":false},"author":1,"featured_media":0,"parent":64,"menu_order":0,"comment_status":"closed","ping_status":"closed","template":"","meta":{"footnotes":""},"class_list":["post-146","page","type-page","status-publish","hentry","description-off"],"yoast_head":"<!-- This site is optimized with the Yoast SEO plugin v23.8 - https:\/\/yoast.com\/wordpress\/plugins\/seo\/ -->\n<title>Manejo de materiales - Meein<\/title>\n<meta name=\"robots\" content=\"index, follow, max-snippet:-1, max-image-preview:large, max-video-preview:-1\" \/>\n<link rel=\"canonical\" href=\"https:\/\/meein.com.mx\/en\/soluciones\/manejo-de-materiales\/\" \/>\n<meta property=\"og:locale\" content=\"en_US\" \/>\n<meta property=\"og:type\" content=\"article\" \/>\n<meta property=\"og:title\" content=\"Manejo de materiales - Meein\" \/>\n<meta property=\"og:url\" content=\"https:\/\/meein.com.mx\/en\/soluciones\/manejo-de-materiales\/\" \/>\n<meta property=\"og:site_name\" content=\"Meein\" \/>\n<meta property=\"article:modified_time\" content=\"2024-09-09T22:49:55+00:00\" \/>\n<meta name=\"twitter:card\" content=\"summary_large_image\" \/>\n<meta name=\"twitter:label1\" content=\"Est. reading time\" \/>\n\t<meta name=\"twitter:data1\" content=\"3 minutes\" \/>\n<!-- \/ Yoast SEO plugin. -->","yoast_head_json":{"title":"Manejo de materiales - Meein","robots":{"index":"index","follow":"follow","max-snippet":"max-snippet:-1","max-image-preview":"max-image-preview:large","max-video-preview":"max-video-preview:-1"},"canonical":"https:\/\/meein.com.mx\/en\/soluciones\/manejo-de-materiales\/","og_locale":"en_US","og_type":"article","og_title":"Manejo de materiales - Meein","og_url":"https:\/\/meein.com.mx\/en\/soluciones\/manejo-de-materiales\/","og_site_name":"Meein","article_modified_time":"2024-09-09T22:49:55+00:00","twitter_card":"summary_large_image","twitter_misc":{"Est. reading time":"3 minutes"},"schema":{"@context":"https:\/\/schema.org","@graph":[{"@type":"WebPage","@id":"https:\/\/meein.com.mx\/soluciones\/manejo-de-materiales\/","url":"https:\/\/meein.com.mx\/soluciones\/manejo-de-materiales\/","name":"Manejo de materiales - Meein","isPartOf":{"@id":"https:\/\/meein.com.mx\/#website"},"datePublished":"2024-06-21T00:20:15+00:00","dateModified":"2024-09-09T22:49:55+00:00","breadcrumb":{"@id":"https:\/\/meein.com.mx\/soluciones\/manejo-de-materiales\/#breadcrumb"},"inLanguage":"en-US","potentialAction":[{"@type":"ReadAction","target":["https:\/\/meein.com.mx\/soluciones\/manejo-de-materiales\/"]}]},{"@type":"BreadcrumbList","@id":"https:\/\/meein.com.mx\/soluciones\/manejo-de-materiales\/#breadcrumb","itemListElement":[{"@type":"ListItem","position":1,"name":"Portada","item":"https:\/\/meein.com.mx\/"},{"@type":"ListItem","position":2,"name":"Soluciones","item":"https:\/\/meein.com.mx\/soluciones\/"},{"@type":"ListItem","position":3,"name":"Manejo de materiales"}]},{"@type":"WebSite","@id":"https:\/\/meein.com.mx\/#website","url":"https:\/\/meein.com.mx\/","name":"Meein","description":"Soluciones en automatizaci\u00f3n de procesos","publisher":{"@id":"https:\/\/meein.com.mx\/#organization"},"potentialAction":[{"@type":"SearchAction","target":{"@type":"EntryPoint","urlTemplate":"https:\/\/meein.com.mx\/?s={search_term_string}"},"query-input":{"@type":"PropertyValueSpecification","valueRequired":true,"valueName":"search_term_string"}}],"inLanguage":"en-US"},{"@type":"Organization","@id":"https:\/\/meein.com.mx\/#organization","name":"Meein","url":"https:\/\/meein.com.mx\/","logo":{"@type":"ImageObject","inLanguage":"en-US","@id":"https:\/\/meein.com.mx\/#\/schema\/logo\/image\/","url":"https:\/\/meein.com.mx\/wp-content\/uploads\/2024\/06\/meein-logo-favicon.png","contentUrl":"https:\/\/meein.com.mx\/wp-content\/uploads\/2024\/06\/meein-logo-favicon.png","width":115,"height":115,"caption":"Meein"},"image":{"@id":"https:\/\/meein.com.mx\/#\/schema\/logo\/image\/"}}]}},"_links":{"self":[{"href":"https:\/\/meein.com.mx\/en\/wp-json\/wp\/v2\/pages\/146","targetHints":{"allow":["GET"]}}],"collection":[{"href":"https:\/\/meein.com.mx\/en\/wp-json\/wp\/v2\/pages"}],"about":[{"href":"https:\/\/meein.com.mx\/en\/wp-json\/wp\/v2\/types\/page"}],"author":[{"embeddable":true,"href":"https:\/\/meein.com.mx\/en\/wp-json\/wp\/v2\/users\/1"}],"replies":[{"embeddable":true,"href":"https:\/\/meein.com.mx\/en\/wp-json\/wp\/v2\/comments?post=146"}],"version-history":[{"count":12,"href":"https:\/\/meein.com.mx\/en\/wp-json\/wp\/v2\/pages\/146\/revisions"}],"predecessor-version":[{"id":614,"href":"https:\/\/meein.com.mx\/en\/wp-json\/wp\/v2\/pages\/146\/revisions\/614"}],"up":[{"embeddable":true,"href":"https:\/\/meein.com.mx\/en\/wp-json\/wp\/v2\/pages\/64"}],"wp:attachment":[{"href":"https:\/\/meein.com.mx\/en\/wp-json\/wp\/v2\/media?parent=146"}],"curies":[{"name":"wp","href":"https:\/\/api.w.org\/{rel}","templated":true}]}}