{"id":270,"date":"2024-06-22T01:47:27","date_gmt":"2024-06-21T23:47:27","guid":{"rendered":"https:\/\/meein.com.mx\/?page_id=270"},"modified":"2026-02-24T21:46:07","modified_gmt":"2026-02-24T20:46:07","slug":"servicios","status":"publish","type":"page","link":"https:\/\/meein.com.mx\/en\/servicios\/","title":{"rendered":"Services"},"content":{"rendered":"<div class=\"wpb-content-wrapper\"><div class=\"vc_row wpb_row vc_row-fluid vc_column-gap-35 vc_row-o-equal-height vc_row-flex\"><div class=\"wpb_column vc_column_container vc_col-sm-6\"><div class=\"vc_column-inner\"><div class=\"wpb_wrapper\"><div class=\"vc-hoverbox-wrapper  vc_custom_1771962934177 vc-hoverbox-shape--rounded vc-hoverbox-align--center vc-hoverbox-direction--default vc-hoverbox-width--100\"  ontouchstart=\"\">\n  <div class=\"vc-hoverbox\">\n    <div class=\"vc-hoverbox-inner\">\n      <div class=\"vc-hoverbox-block vc-hoverbox-front\" style=\"background-image: url(https:\/\/meein.com.mx\/wp-content\/uploads\/2026\/02\/meein-servicio-01.jpg);\">\n        <div class=\"vc-hoverbox-block-inner vc-hoverbox-front-inner\">\n            <h2 style=\"font-size: 24px;color: #FFFFFF;line-height: 1.5;text-align: center;font-family:Open Sans;font-weight:700;font-style:normal\" class=\"vc_custom_heading vc_do_custom_heading\" >Automation and Manufacturing Process Consulting<\/h2>\n        <\/div>\n      <\/div>\n      <div class=\"vc-hoverbox-block vc-hoverbox-back\" style=\"background-color: #154863;\">\n        <div class=\"vc-hoverbox-block-inner vc-hoverbox-back-inner\">\n            \n            <p style=\"text-align: left;\"><strong><span style=\"color: #39b54a;\"><img loading=\"lazy\" decoding=\"async\" class=\"alignleft\" src=\"https:\/\/meein.com.mx\/wp-content\/uploads\/2024\/06\/Capa_1.png\" alt=\"\" width=\"35\" height=\"42\" \/> Automation and Manufacturing Process Consulting<\/span><\/strong><\/p>\n<p>&nbsp;<\/p>\n<p style=\"text-align: left; font-size: 16px;\"><span style=\"color: #ffffff;\"><img loading=\"lazy\" decoding=\"async\" class=\"\" src=\"https:\/\/meein.com.mx\/wp-content\/uploads\/2024\/06\/Ellipse-140.png\" alt=\"\" width=\"13\" height=\"13\" \/> PoC \/Proof of Concept, Prototyping<\/span><\/p>\n<p style=\"text-align: left; font-size: 16px;\"><span style=\"color: #ffffff;\"><img loading=\"lazy\" decoding=\"async\" class=\"\" src=\"https:\/\/meein.com.mx\/wp-content\/uploads\/2024\/06\/Ellipse-140.png\" alt=\"\" width=\"13\" height=\"13\" \/> Process Development: Flowchart, cycle time analysis, layout concept.<\/span><\/p>\n<p style=\"text-align: left; font-size: 16px;\"><span style=\"color: #ffffff;\"><img loading=\"lazy\" decoding=\"async\" class=\"\" src=\"https:\/\/meein.com.mx\/wp-content\/uploads\/2024\/06\/Ellipse-140.png\" alt=\"\" width=\"13\" height=\"13\" \/> Simulation \/ Digital Twin \/ Vision Systems Evaluation<\/span><\/p>\n<p style=\"text-align: left; font-size: 16px;\"><span style=\"color: #ffffff;\"><img loading=\"lazy\" decoding=\"async\" class=\"\" src=\"https:\/\/meein.com.mx\/wp-content\/uploads\/2024\/06\/Ellipse-140.png\" alt=\"\" width=\"13\" height=\"13\" \/> Plan de control <\/span><\/p>\n\n            \n        <\/div>\n      <\/div>\n    <\/div>\n  <\/div>\n<\/div><\/div><\/div><\/div><div class=\"wpb_column vc_column_container vc_col-sm-6\"><div class=\"vc_column-inner\"><div class=\"wpb_wrapper\"><div class=\"vc-hoverbox-wrapper  vc_custom_1771965916607 vc-hoverbox-shape--rounded vc-hoverbox-align--center vc-hoverbox-direction--default vc-hoverbox-width--100\"  ontouchstart=\"\">\n  <div class=\"vc-hoverbox\">\n    <div class=\"vc-hoverbox-inner\">\n      <div class=\"vc-hoverbox-block vc-hoverbox-front\" style=\"background-image: url(https:\/\/meein.com.mx\/wp-content\/uploads\/2026\/02\/meein-servicio-02.jpg);\">\n        <div class=\"vc-hoverbox-block-inner vc-hoverbox-front-inner\">\n            <h2 style=\"font-size: 24px;color: #FFFFFF;line-height: 1.5;text-align: center;font-family:Open Sans;font-weight:700;font-style:normal\" class=\"vc_custom_heading vc_do_custom_heading\" >Mechanical Design<\/h2>\n        <\/div>\n      <\/div>\n      <div class=\"vc-hoverbox-block vc-hoverbox-back\" style=\"background-color: #154863;\">\n        <div class=\"vc-hoverbox-block-inner vc-hoverbox-back-inner\">\n            \n            <p style=\"text-align: left;\"><strong><span style=\"color: #39b54a;\"><img loading=\"lazy\" decoding=\"async\" class=\"alignleft\" src=\"https:\/\/meein.com.mx\/wp-content\/uploads\/2024\/06\/diseno-mecanico.png\" alt=\"\" width=\"47\" height=\"42\" \/>\u00a0 Mechanical Design<br \/>\n<\/span><\/strong><\/p>\n<p>&nbsp;<\/p>\n<p style=\"text-align: left; font-size: 16px;\"><span style=\"color: #ffffff;\">MEEIN's engineering team commonly uses Solid Works for the development of 3D concepts and 2D drawings.<\/span><\/p>\n<p style=\"text-align: left; font-size: 16px;\"><span style=\"color: #ffffff;\"><img loading=\"lazy\" decoding=\"async\" class=\"\" src=\"https:\/\/meein.com.mx\/wp-content\/uploads\/2024\/06\/Ellipse-140.png\" alt=\"\" width=\"13\" height=\"13\" \/> 3D Concept Development<\/span><\/p>\n<p style=\"text-align: left; font-size: 16px;\"><span style=\"color: #ffffff;\"><img loading=\"lazy\" decoding=\"async\" class=\"\" src=\"https:\/\/meein.com.mx\/wp-content\/uploads\/2024\/06\/Ellipse-140.png\" alt=\"\" width=\"13\" height=\"13\" \/> Mechanical analysis<\/span><\/p>\n<p style=\"text-align: left; font-size: 16px;\"><span style=\"color: #ffffff;\"><img loading=\"lazy\" decoding=\"async\" class=\"\" src=\"https:\/\/meein.com.mx\/wp-content\/uploads\/2024\/06\/Ellipse-140.png\" alt=\"\" width=\"13\" height=\"13\" \/> 2D drawings<\/span><\/p>\n<p style=\"text-align: left; font-size: 16px;\"><span style=\"color: #ffffff;\"><img loading=\"lazy\" decoding=\"async\" class=\"\" src=\"https:\/\/meein.com.mx\/wp-content\/uploads\/2024\/06\/Ellipse-140.png\" alt=\"\" width=\"13\" height=\"13\" \/> Documentation<\/span><\/p>\n\n            \n        <\/div>\n      <\/div>\n    <\/div>\n  <\/div>\n<\/div><\/div><\/div><\/div><\/div><div class=\"vc_row wpb_row vc_row-fluid vc_column-gap-35 vc_row-o-equal-height vc_row-flex\"><div class=\"wpb_column vc_column_container vc_col-sm-6\"><div class=\"vc_column-inner\"><div class=\"wpb_wrapper\"><div class=\"vc-hoverbox-wrapper  vc_custom_1771965925722 vc-hoverbox-shape--rounded vc-hoverbox-align--center vc-hoverbox-direction--default vc-hoverbox-width--100\"  ontouchstart=\"\">\n  <div class=\"vc-hoverbox\">\n    <div class=\"vc-hoverbox-inner\">\n      <div class=\"vc-hoverbox-block vc-hoverbox-front\" style=\"background-image: url(https:\/\/meein.com.mx\/wp-content\/uploads\/2026\/02\/meein-servicio-03.jpg);\">\n        <div class=\"vc-hoverbox-block-inner vc-hoverbox-front-inner\">\n            <h2 style=\"font-size: 24px;color: #FFFFFF;line-height: 1.5;text-align: center;font-family:Open Sans;font-weight:700;font-style:normal\" class=\"vc_custom_heading vc_do_custom_heading\" >Electrical and Control Engineering<\/h2>\n        <\/div>\n      <\/div>\n      <div class=\"vc-hoverbox-block vc-hoverbox-back\" style=\"background-color: #154863;\">\n        <div class=\"vc-hoverbox-block-inner vc-hoverbox-back-inner\">\n            \n            <p style=\"text-align: left;\"><strong><span style=\"color: #39b54a;\"><img loading=\"lazy\" decoding=\"async\" class=\"alignleft\" src=\"https:\/\/meein.com.mx\/wp-content\/uploads\/2024\/06\/Ingenieria-Electrica-y-de-Control.png\" alt=\"\" width=\"35\" height=\"42\" \/>Electrical and control<br \/>\nEngineering<br \/>\n<\/span><\/strong><\/p>\n<p>&nbsp;<\/p>\n<p style=\"text-align: left; font-size: 16px;\"><span style=\"color: #ffffff;\"><img loading=\"lazy\" decoding=\"async\" class=\"\" src=\"https:\/\/meein.com.mx\/wp-content\/uploads\/2024\/06\/Ellipse-140.png\" alt=\"\" width=\"13\" height=\"13\" \/> Control architecture<\/span><\/p>\n<p style=\"text-align: left; font-size: 16px;\"><span style=\"color: #ffffff;\"><img loading=\"lazy\" decoding=\"async\" class=\"\" src=\"https:\/\/meein.com.mx\/wp-content\/uploads\/2024\/06\/Ellipse-140.png\" alt=\"\" width=\"13\" height=\"13\" \/> Safety analysis<\/span><\/p>\n<p style=\"text-align: left; font-size: 16px;\"><span style=\"color: #ffffff;\"><img loading=\"lazy\" decoding=\"async\" class=\"\" src=\"https:\/\/meein.com.mx\/wp-content\/uploads\/2024\/06\/Ellipse-140.png\" alt=\"\" width=\"13\" height=\"13\" \/> Electrical Diagrams<\/span><\/p>\n\n            \n        <\/div>\n      <\/div>\n    <\/div>\n  <\/div>\n<\/div><\/div><\/div><\/div><div class=\"wpb_column vc_column_container vc_col-sm-6\"><div class=\"vc_column-inner\"><div class=\"wpb_wrapper\"><div class=\"vc-hoverbox-wrapper  vc_custom_1771965933634 vc-hoverbox-shape--rounded vc-hoverbox-align--center vc-hoverbox-direction--default vc-hoverbox-width--100\"  ontouchstart=\"\">\n  <div class=\"vc-hoverbox\">\n    <div class=\"vc-hoverbox-inner\">\n      <div class=\"vc-hoverbox-block vc-hoverbox-front\" style=\"background-image: url(https:\/\/meein.com.mx\/wp-content\/uploads\/2026\/02\/meein-servicio-04.jpg);\">\n        <div class=\"vc-hoverbox-block-inner vc-hoverbox-front-inner\">\n            <h2 style=\"font-size: 24px;color: #FFFFFF;line-height: 1.5;text-align: center;font-family:Open Sans;font-weight:700;font-style:normal\" class=\"vc_custom_heading vc_do_custom_heading\" >Programming and Simulation<\/h2>\n        <\/div>\n      <\/div>\n      <div class=\"vc-hoverbox-block vc-hoverbox-back\" style=\"background-color: #154863;\">\n        <div class=\"vc-hoverbox-block-inner vc-hoverbox-back-inner\">\n            \n            <p style=\"text-align: left;\"><strong><span style=\"color: #39b54a;\"><img loading=\"lazy\" decoding=\"async\" class=\"alignleft\" src=\"https:\/\/meein.com.mx\/wp-content\/uploads\/2024\/06\/Servicios-de-Programacion-y-Simulacion.png\" alt=\"\" width=\"47\" height=\"42\" \/> Programming and Simulation<br \/>\n<\/span><\/strong><\/p>\n<p>&nbsp;<\/p>\n<p style=\"text-align: left; font-size: 16px;\"><span style=\"color: #ffffff;\"><img loading=\"lazy\" decoding=\"async\" class=\"\" src=\"https:\/\/meein.com.mx\/wp-content\/uploads\/2024\/06\/Ellipse-140.png\" alt=\"\" width=\"13\" height=\"13\" \/> Programming methodology for equipment such as PLC \/ HMI \/ Robots and other devices, extensive experience in Rockwell (Allen Bradley) and Siemens.\u00a0<\/span><\/p>\n<p style=\"text-align: left; font-size: 16px;\"><span style=\"color: #ffffff;\"><img loading=\"lazy\" decoding=\"async\" class=\"\" src=\"https:\/\/meein.com.mx\/wp-content\/uploads\/2024\/06\/Ellipse-140.png\" alt=\"\" width=\"13\" height=\"13\" \/> Our strategy is flexible and can be adapted to our customer's standards.<\/span><\/p>\n\n            \n        <\/div>\n      <\/div>\n    <\/div>\n  <\/div>\n<\/div><\/div><\/div><\/div><\/div><div class=\"vc_row wpb_row vc_row-fluid vc_column-gap-35 vc_row-o-equal-height vc_row-flex\"><div class=\"wpb_column vc_column_container vc_col-sm-6\"><div class=\"vc_column-inner\"><div class=\"wpb_wrapper\"><div class=\"vc-hoverbox-wrapper  vc_custom_1771965942908 vc-hoverbox-shape--rounded vc-hoverbox-align--center vc-hoverbox-direction--default vc-hoverbox-width--100\"  ontouchstart=\"\">\n  <div class=\"vc-hoverbox\">\n    <div class=\"vc-hoverbox-inner\">\n      <div class=\"vc-hoverbox-block vc-hoverbox-front\" style=\"background-image: url(https:\/\/meein.com.mx\/wp-content\/uploads\/2026\/02\/meein-servicio-05.jpg);\">\n        <div class=\"vc-hoverbox-block-inner vc-hoverbox-front-inner\">\n            <h2 style=\"font-size: 24px;color: #FFFFFF;line-height: 1.5;text-align: center;font-family:Open Sans;font-weight:700;font-style:normal\" class=\"vc_custom_heading vc_do_custom_heading\" >Fabrication Services<\/h2>\n        <\/div>\n      <\/div>\n      <div class=\"vc-hoverbox-block vc-hoverbox-back\" style=\"background-color: #154863;\">\n        <div class=\"vc-hoverbox-block-inner vc-hoverbox-back-inner\">\n            \n            <p style=\"text-align: left;\"><strong><span style=\"color: #39b54a;\"><img loading=\"lazy\" decoding=\"async\" class=\"alignleft\" src=\"https:\/\/meein.com.mx\/wp-content\/uploads\/2024\/06\/Servicios-de-Fabricacion-Paileria-y-Maquinado.png\" alt=\"\" width=\"35\" height=\"42\" \/>Fabrication Services<br \/>\nWelding, machining, assembly.<br \/>\n<\/span><\/strong><\/p>\n<p>&nbsp;<\/p>\n<p style=\"text-align: justify; font-size: 16px;\"><span style=\"color: #ffffff;\">Capacity of more than 2500 Hr\/month for machining parts, we also have a group of suppliers approved by our quality department.<\/span><\/p>\n\n            \n        <\/div>\n      <\/div>\n    <\/div>\n  <\/div>\n<\/div><\/div><\/div><\/div><div class=\"wpb_column vc_column_container vc_col-sm-6\"><div class=\"vc_column-inner\"><div class=\"wpb_wrapper\"><div class=\"vc-hoverbox-wrapper  vc_custom_1771965950552 vc-hoverbox-shape--rounded vc-hoverbox-align--center vc-hoverbox-direction--default vc-hoverbox-width--100\"  ontouchstart=\"\">\n  <div class=\"vc-hoverbox\">\n    <div class=\"vc-hoverbox-inner\">\n      <div class=\"vc-hoverbox-block vc-hoverbox-front\" style=\"background-image: url(https:\/\/meein.com.mx\/wp-content\/uploads\/2026\/02\/meein-servicio-06.jpg);\">\n        <div class=\"vc-hoverbox-block-inner vc-hoverbox-front-inner\">\n            <h2 style=\"font-size: 24px;color: #FFFFFF;line-height: 1.5;text-align: center;font-family:Open Sans;font-weight:700;font-style:normal\" class=\"vc_custom_heading vc_do_custom_heading\" >Mechanical and Electrical Assembly and Installation<\/h2>\n        <\/div>\n      <\/div>\n      <div class=\"vc-hoverbox-block vc-hoverbox-back\" style=\"background-color: #154863;\">\n        <div class=\"vc-hoverbox-block-inner vc-hoverbox-back-inner\">\n            \n            <p style=\"text-align: left;\"><strong><span style=\"color: #39b54a;\"><img loading=\"lazy\" decoding=\"async\" class=\"alignleft\" src=\"https:\/\/meein.com.mx\/wp-content\/uploads\/2024\/06\/Ensamble-Mecanico-Electrico-e-Instalacion.png\" alt=\"\" width=\"47\" height=\"42\" \/>Mechanical and Electrical<br \/>\n<\/span><\/strong><strong><span style=\"color: #39b54a;\">Assembly and Installation<br \/>\n<\/span><\/strong><\/p>\n<p>&nbsp;<\/p>\n<p style=\"text-align: justify; font-size: 16px;\"><span style=\"color: #ffffff;\">Personal especializado para realizar las labores de ensamble mec\u00e1nico, el\u00e9ctrico e instalaci\u00f3n, el cual est\u00e1 en constante capacitaci\u00f3n y desarrollo para cumplir con altos est\u00e1ndares de calidad.<\/span><\/p>\n\n            \n        <\/div>\n      <\/div>\n    <\/div>\n  <\/div>\n<\/div><\/div><\/div><\/div><\/div><div class=\"vc_row wpb_row vc_row-fluid vc_column-gap-35 vc_row-o-equal-height vc_row-flex\"><div class=\"wpb_column vc_column_container vc_col-sm-6\"><div class=\"vc_column-inner\"><div class=\"wpb_wrapper\"><div class=\"vc-hoverbox-wrapper  vc_custom_1771965957796 vc-hoverbox-shape--rounded vc-hoverbox-align--center vc-hoverbox-direction--default vc-hoverbox-width--100\"  ontouchstart=\"\">\n  <div class=\"vc-hoverbox\">\n    <div class=\"vc-hoverbox-inner\">\n      <div class=\"vc-hoverbox-block vc-hoverbox-front\" style=\"background-image: url(https:\/\/meein.com.mx\/wp-content\/uploads\/2026\/02\/meein-servicio-07.jpg);\">\n        <div class=\"vc-hoverbox-block-inner vc-hoverbox-front-inner\">\n            <h2 style=\"font-size: 24px;color: #FFFFFF;line-height: 1.5;text-align: center;font-family:Open Sans;font-weight:700;font-style:normal\" class=\"vc_custom_heading vc_do_custom_heading\" >Additive Manufacturing<\/h2>\n        <\/div>\n      <\/div>\n      <div class=\"vc-hoverbox-block vc-hoverbox-back\" style=\"background-color: #154863;\">\n        <div class=\"vc-hoverbox-block-inner vc-hoverbox-back-inner\">\n            \n            <p style=\"text-align: left;\"><strong><span style=\"color: #39b54a;\"><img loading=\"lazy\" decoding=\"async\" class=\"alignleft\" src=\"https:\/\/meein.com.mx\/wp-content\/uploads\/2024\/06\/Manufactura-Aditiva.png\" alt=\"\" width=\"35\" height=\"42\" \/>Additive Manufacturing<br \/>\n<\/span><\/strong><\/p>\n<p>&nbsp;<\/p>\n<p style=\"text-align: justify; font-size: 16px;\"><span style=\"color: #ffffff;\">From prototype parts to tooling (soft tooling) we provide 3D printing services in thermoplastic materials which offer high durability and resistance, with a printing capacity of up to 1000mm x 1000mm x 500mm.\nAdditive manufacturing allows the creation of unique and complex geometric shapes without the need to invest in expensive machining.<\/span><\/p>\n\n            \n        <\/div>\n      <\/div>\n    <\/div>\n  <\/div>\n<\/div><\/div><\/div><\/div><div class=\"wpb_column vc_column_container vc_col-sm-6\"><div class=\"vc_column-inner\"><div class=\"wpb_wrapper\"><div class=\"vc-hoverbox-wrapper  vc_custom_1771965965341 vc-hoverbox-shape--rounded vc-hoverbox-align--center vc-hoverbox-direction--default vc-hoverbox-width--100\"  ontouchstart=\"\">\n  <div class=\"vc-hoverbox\">\n    <div class=\"vc-hoverbox-inner\">\n      <div class=\"vc-hoverbox-block vc-hoverbox-front\" style=\"background-image: url(https:\/\/meein.com.mx\/wp-content\/uploads\/2026\/02\/meein-servicio-08.jpg);\">\n        <div class=\"vc-hoverbox-block-inner vc-hoverbox-front-inner\">\n            <h2 style=\"font-size: 24px;color: #FFFFFF;line-height: 1.5;text-align: center;font-family:Open Sans;font-weight:700;font-style:normal\" class=\"vc_custom_heading vc_do_custom_heading\" >Metrology<\/h2>\n        <\/div>\n      <\/div>\n      <div class=\"vc-hoverbox-block vc-hoverbox-back\" style=\"background-color: #154863;\">\n        <div class=\"vc-hoverbox-block-inner vc-hoverbox-back-inner\">\n            \n            <p style=\"text-align: left;\"><strong><span style=\"color: #39b54a;\"><img loading=\"lazy\" decoding=\"async\" class=\"alignleft\" src=\"https:\/\/meein.com.mx\/wp-content\/uploads\/2024\/06\/Metrologia.png\" alt=\"\" width=\"37\" height=\"50\" \/><\/span><\/strong><strong><span style=\"color: #39b54a;\">Metrology<\/span><\/strong><\/p>\n<p>&nbsp;<\/p>\n<p>&nbsp;<\/p>\n<p style=\"text-align: justify; font-size: 16px;\"><span style=\"color: #ffffff;\">Contamos con equipo para realizar medici\u00f3n de precisi\u00f3n como: Brazo Faro, Mesa de m\u00e1rmol, Micr\u00f3metros de precisi\u00f3n de interiores, exteriores y profundidad, Vernier de alturas etc. Adem\u00e1s de Dur\u00f3metro, Pie de Rey, block patr\u00f3n y escuadras de precisi\u00f3n.<\/span><\/p>\n\n            \n        <\/div>\n      <\/div>\n    <\/div>\n  <\/div>\n<\/div><\/div><\/div><\/div><\/div>\n<\/div>","protected":false},"excerpt":{"rendered":"<p>Consultor\u00eda en Automatizaci\u00f3n y Desarrollo de Procesos Consultor\u00eda en Automatizaci\u00f3n y Desarrollo de Procesos &nbsp; PoC \/Proof of Concept, Prototipos Desarrollo de Proceso: Diagrama de flujo, estudio de tiempos, layout concept Simulaci\u00f3n \/ Gemelo Digital \/ Evaluaci\u00f3n\/ Sistemas de Visi\u00f3n Plan de control Dise\u00f1o Mec\u00e1nico \u00a0 Dise\u00f1o Mec\u00e1nico &nbsp; El equipo de ingenieros de MEEIN&hellip;<\/p>","protected":false},"author":1,"featured_media":0,"parent":0,"menu_order":0,"comment_status":"closed","ping_status":"closed","template":"","meta":{"footnotes":""},"class_list":["post-270","page","type-page","status-publish","hentry","description-off"],"yoast_head":"<!-- This site is optimized with the Yoast SEO plugin v23.8 - https:\/\/yoast.com\/wordpress\/plugins\/seo\/ -->\n<title>Servicios - Meein<\/title>\n<meta name=\"robots\" content=\"index, follow, max-snippet:-1, max-image-preview:large, max-video-preview:-1\" \/>\n<link rel=\"canonical\" href=\"https:\/\/meein.com.mx\/en\/servicios\/\" \/>\n<meta property=\"og:locale\" content=\"en_US\" \/>\n<meta property=\"og:type\" content=\"article\" \/>\n<meta property=\"og:title\" content=\"Servicios - Meein\" \/>\n<meta property=\"og:url\" content=\"https:\/\/meein.com.mx\/en\/servicios\/\" \/>\n<meta property=\"og:site_name\" content=\"Meein\" \/>\n<meta property=\"article:modified_time\" content=\"2026-02-24T20:46:07+00:00\" \/>\n<meta property=\"og:image\" content=\"https:\/\/meein.com.mx\/wp-content\/uploads\/2024\/06\/Capa_1.png\" \/>\n<meta name=\"twitter:card\" content=\"summary_large_image\" \/>\n<meta name=\"twitter:label1\" content=\"Est. reading time\" \/>\n\t<meta name=\"twitter:data1\" content=\"9 minutes\" \/>\n<!-- \/ Yoast SEO plugin. -->","yoast_head_json":{"title":"Servicios - Meein","robots":{"index":"index","follow":"follow","max-snippet":"max-snippet:-1","max-image-preview":"max-image-preview:large","max-video-preview":"max-video-preview:-1"},"canonical":"https:\/\/meein.com.mx\/en\/servicios\/","og_locale":"en_US","og_type":"article","og_title":"Servicios - Meein","og_url":"https:\/\/meein.com.mx\/en\/servicios\/","og_site_name":"Meein","article_modified_time":"2026-02-24T20:46:07+00:00","og_image":[{"url":"https:\/\/meein.com.mx\/wp-content\/uploads\/2024\/06\/Capa_1.png"}],"twitter_card":"summary_large_image","twitter_misc":{"Est. reading time":"9 minutes"},"schema":{"@context":"https:\/\/schema.org","@graph":[{"@type":"WebPage","@id":"https:\/\/meein.com.mx\/servicios\/","url":"https:\/\/meein.com.mx\/servicios\/","name":"Servicios - Meein","isPartOf":{"@id":"https:\/\/meein.com.mx\/#website"},"primaryImageOfPage":{"@id":"https:\/\/meein.com.mx\/servicios\/#primaryimage"},"image":{"@id":"https:\/\/meein.com.mx\/servicios\/#primaryimage"},"thumbnailUrl":"https:\/\/meein.com.mx\/wp-content\/uploads\/2024\/06\/Capa_1.png","datePublished":"2024-06-21T23:47:27+00:00","dateModified":"2026-02-24T20:46:07+00:00","breadcrumb":{"@id":"https:\/\/meein.com.mx\/servicios\/#breadcrumb"},"inLanguage":"en-US","potentialAction":[{"@type":"ReadAction","target":["https:\/\/meein.com.mx\/servicios\/"]}]},{"@type":"ImageObject","inLanguage":"en-US","@id":"https:\/\/meein.com.mx\/servicios\/#primaryimage","url":"https:\/\/meein.com.mx\/wp-content\/uploads\/2024\/06\/Capa_1.png","contentUrl":"https:\/\/meein.com.mx\/wp-content\/uploads\/2024\/06\/Capa_1.png"},{"@type":"BreadcrumbList","@id":"https:\/\/meein.com.mx\/servicios\/#breadcrumb","itemListElement":[{"@type":"ListItem","position":1,"name":"Portada","item":"https:\/\/meein.com.mx\/"},{"@type":"ListItem","position":2,"name":"Servicios"}]},{"@type":"WebSite","@id":"https:\/\/meein.com.mx\/#website","url":"https:\/\/meein.com.mx\/","name":"Meein","description":"Soluciones en automatizaci\u00f3n de procesos","publisher":{"@id":"https:\/\/meein.com.mx\/#organization"},"potentialAction":[{"@type":"SearchAction","target":{"@type":"EntryPoint","urlTemplate":"https:\/\/meein.com.mx\/?s={search_term_string}"},"query-input":{"@type":"PropertyValueSpecification","valueRequired":true,"valueName":"search_term_string"}}],"inLanguage":"en-US"},{"@type":"Organization","@id":"https:\/\/meein.com.mx\/#organization","name":"Meein","url":"https:\/\/meein.com.mx\/","logo":{"@type":"ImageObject","inLanguage":"en-US","@id":"https:\/\/meein.com.mx\/#\/schema\/logo\/image\/","url":"https:\/\/meein.com.mx\/wp-content\/uploads\/2024\/06\/meein-logo-favicon.png","contentUrl":"https:\/\/meein.com.mx\/wp-content\/uploads\/2024\/06\/meein-logo-favicon.png","width":115,"height":115,"caption":"Meein"},"image":{"@id":"https:\/\/meein.com.mx\/#\/schema\/logo\/image\/"}}]}},"_links":{"self":[{"href":"https:\/\/meein.com.mx\/en\/wp-json\/wp\/v2\/pages\/270","targetHints":{"allow":["GET"]}}],"collection":[{"href":"https:\/\/meein.com.mx\/en\/wp-json\/wp\/v2\/pages"}],"about":[{"href":"https:\/\/meein.com.mx\/en\/wp-json\/wp\/v2\/types\/page"}],"author":[{"embeddable":true,"href":"https:\/\/meein.com.mx\/en\/wp-json\/wp\/v2\/users\/1"}],"replies":[{"embeddable":true,"href":"https:\/\/meein.com.mx\/en\/wp-json\/wp\/v2\/comments?post=270"}],"version-history":[{"count":36,"href":"https:\/\/meein.com.mx\/en\/wp-json\/wp\/v2\/pages\/270\/revisions"}],"predecessor-version":[{"id":755,"href":"https:\/\/meein.com.mx\/en\/wp-json\/wp\/v2\/pages\/270\/revisions\/755"}],"wp:attachment":[{"href":"https:\/\/meein.com.mx\/en\/wp-json\/wp\/v2\/media?parent=270"}],"curies":[{"name":"wp","href":"https:\/\/api.w.org\/{rel}","templated":true}]}}