{"id":52,"date":"2024-06-20T04:16:39","date_gmt":"2024-06-20T02:16:39","guid":{"rendered":"https:\/\/meein.com.mx\/?page_id=52"},"modified":"2026-02-25T20:03:18","modified_gmt":"2026-02-25T19:03:18","slug":"proceso","status":"publish","type":"page","link":"https:\/\/meein.com.mx\/en\/proceso\/","title":{"rendered":"Process"},"content":{"rendered":"<div class=\"wpb-content-wrapper\"><div class=\"vc_row wpb_row vc_row-fluid vc_column-gap-35\"><div class=\"wpb_column vc_column_container vc_col-sm-1\"><div class=\"vc_column-inner\"><div class=\"wpb_wrapper\"><\/div><\/div><\/div><div class=\"wpb_column vc_column_container vc_col-sm-10\"><div class=\"vc_column-inner\"><div class=\"wpb_wrapper\">\n\t<div class=\"wpb_text_column wpb_content_element  wpb_animate_when_almost_visible wpb_left-to-right left-to-right\" >\n\t\t<div class=\"wpb_wrapper\">\n\t\t\t<p style=\"text-align: center; font-size: 20px; line-height: 30px;\"><strong>At MEEIN we have a <span style=\"color: #154863;\">standardized methodology<\/span> for the execution of your projects, is based on the best practices of our own and with our clients, <span style=\"color: #154863;\">through 10 essential steps<\/span>.<\/strong><\/p>\n\n\t\t<\/div>\n\t<\/div>\n<\/div><\/div><\/div><div class=\"wpb_column vc_column_container vc_col-sm-1\"><div class=\"vc_column-inner\"><div class=\"wpb_wrapper\"><\/div><\/div><\/div><\/div><div data-vc-full-width=\"true\" data-vc-full-width-init=\"false\" class=\"vc_row wpb_row vc_row-fluid\"><div class=\"wpb_column vc_column_container vc_col-sm-12\"><div class=\"vc_column-inner\"><div class=\"wpb_wrapper\">\n\t<div  class=\"wpb_single_image wpb_content_element vc_align_center\">\n\t\t\n\t\t<figure class=\"wpb_wrapper vc_figure\">\n\t\t\t<div class=\"vc_single_image-wrapper   vc_box_border_grey\"><img loading=\"lazy\" decoding=\"async\" width=\"1920\" height=\"935\" src=\"https:\/\/meein.com.mx\/wp-content\/uploads\/2026\/02\/metodologia-meein-2x-web.png\" class=\"vc_single_image-img attachment-full\" alt=\"\" title=\"metodologia-meein-2x-web\" srcset=\"https:\/\/meein.com.mx\/wp-content\/uploads\/2026\/02\/metodologia-meein-2x-web.png 1920w, https:\/\/meein.com.mx\/wp-content\/uploads\/2026\/02\/metodologia-meein-2x-web-300x146.png 300w, https:\/\/meein.com.mx\/wp-content\/uploads\/2026\/02\/metodologia-meein-2x-web-1024x499.png 1024w, https:\/\/meein.com.mx\/wp-content\/uploads\/2026\/02\/metodologia-meein-2x-web-768x374.png 768w, https:\/\/meein.com.mx\/wp-content\/uploads\/2026\/02\/metodologia-meein-2x-web-1536x748.png 1536w, https:\/\/meein.com.mx\/wp-content\/uploads\/2026\/02\/metodologia-meein-2x-web-18x9.png 18w\" sizes=\"auto, (max-width: 1920px) 100vw, 1920px\"  data-dt-location=\"https:\/\/meein.com.mx\/en\/proceso\/metodologia-meein-2x-web\/\" \/><\/div>\n\t\t<\/figure>\n\t<\/div>\n<\/div><\/div><\/div><\/div><div class=\"vc_row-full-width vc_clearfix\"><\/div><div class=\"vc_row wpb_row vc_row-fluid\"><div class=\"wpb_column vc_column_container vc_col-sm-12\"><div class=\"vc_column-inner\"><div class=\"wpb_wrapper\"><div class=\"vc_empty_space\"   style=\"height: 64px\"><span class=\"vc_empty_space_inner\"><\/span><\/div><\/div><\/div><\/div><\/div><div class=\"vc_row wpb_row vc_row-fluid vc_custom_1725057341237 vc_column-gap-35 vc_row-o-content-middle vc_row-flex\"><div class=\"wpb_animate_when_almost_visible wpb_left-to-right left-to-right wpb_column vc_column_container vc_col-sm-2\/5\"><div class=\"vc_column-inner\"><div class=\"wpb_wrapper\"><div id=\"modal-trg-txt-wrap-5829\" class=\"ult-modal-input-wrapper ult-adjust-bottom-margin\" data-keypress-control=\"keypress-control-enable\" data-overlay-control=\"overlay-control-enable\"><img decoding=\"async\" src=\"https:\/\/meein.com.mx\/wp-content\/uploads\/2026\/02\/meein-nosotros-video-thumb-web.png\" alt=\"null\" data-class-id=\"content-69ea69025b2e38-31356544\" class=\"ult-modal-img overlay-show ult-align-center ult-modal-image-\" data-overlay-class=\"overlay-cornerbottomleft\"\/><\/div>\n<div class=\"ult-overlay content-69ea69025b2e38-31356544\" data-class=\"content-69ea69025b2e38-31356544\" id=\"button-click-overlay\" style=\"background:rgba(51,51,51,0.8); display:none;\">\n\t<div class=\"ult_modal ult-fade ult-small\">\n\t\t<div id=\"ult-modal-wrap-4337\" class=\"ult_modal-content ult-hide\" style=\"border-style:solid;border-width:2px;border-radius:0px;border-color:#333333;\">\n\t\t\t<div  data-ultimate-target='#ult-modal-wrap-4337 .ult_modal-body'  data-responsive-json-new='{\"font-size\":\"\",\"line-height\":\"\"}'  class=\"ult_modal-body ult-responsive ult-youtube\" style=\"\">\n\t\t\t<iframe loading=\"lazy\" title=\"YouTube video player\" src=\"https:\/\/www.youtube.com\/embed\/3QSFCInGnjM?si=QI5jbc4p68lpVhXn\" width=\"560\" height=\"315\" frameborder=\"0\" allowfullscreen=\"allowfullscreen\"><\/iframe>\n\t\t\t<\/div>\n\t<\/div>\n\t<\/div>\n\t<div class=\"ult-overlay-close top-right\" style=\"width:80px;height:80px; \"><div class=\"ult-overlay-close-inside\">Close<\/div><\/div>\n<\/div><\/div><\/div><\/div><div class=\"wpb_column vc_column_container vc_col-sm-3\/5\"><div class=\"vc_column-inner\"><div class=\"wpb_wrapper\">\n\t<div class=\"wpb_text_column wpb_content_element  wpb_animate_when_almost_visible wpb_fadeInDown fadeInDown\" >\n\t\t<div class=\"wpb_wrapper\">\n\t\t\t<p><span style=\"color: #ffffff;\">In MEEIN we understand the importance of the correct management of your projects, that is why we have developed a management system.<\/span><\/p>\n<p><span style=\"color: #ffffff;\">This tool <strong>MEEIN- SYMPLE \u00ae<\/strong> allows us to carry out a correct administration of the projects through a detailed control of the process flow and procedures, maintaining a constant line of communication client-supplier providing reliable information on time.<\/span><\/p>\n\n\t\t<\/div>\n\t<\/div>\n<\/div><\/div><\/div><\/div><!-- Row Backgrounds --><div class=\"upb_color\" data-bg-override=\"full\" data-bg-color=\"#154863\" data-fadeout=\"\" data-fadeout-percentage=\"30\" data-parallax-content=\"\" data-parallax-content-sense=\"30\" data-row-effect-mobile-disable=\"true\" data-img-parallax-mobile-disable=\"true\" data-rtl=\"false\"  data-custom-vc-row=\"\"  data-vc=\"7.9\"  data-is_old_vc=\"\"  data-theme-support=\"\"   data-overlay=\"false\" data-overlay-color=\"\" data-overlay-pattern=\"\" data-overlay-pattern-opacity=\"\" data-overlay-pattern-size=\"\"    ><\/div><div class=\"vc_row wpb_row vc_row-fluid\"><div class=\"wpb_column vc_column_container vc_col-sm-12\"><div class=\"vc_column-inner\"><div class=\"wpb_wrapper\"><div class=\"vc_empty_space\"   style=\"height: 64px\"><span class=\"vc_empty_space_inner\"><\/span><\/div><\/div><\/div><\/div><\/div><div class=\"vc_row wpb_row vc_row-fluid\"><div class=\"wpb_column vc_column_container vc_col-sm-12\"><div class=\"vc_column-inner\"><div class=\"wpb_wrapper\"><\/div><\/div><\/div><\/div><div class=\"vc_row wpb_row vc_row-fluid\"><div class=\"wpb_column vc_column_container vc_col-sm-12\"><div class=\"vc_column-inner\"><div class=\"wpb_wrapper\"><h3 style=\"text-align: center\" class=\"vc_custom_heading vc_do_custom_heading\" >OPERATIONAL CAPACITY<\/h3><style type=\"text\/css\" data-type=\"the7_shortcodes-inline-css\">.shortcode-single-image-wrap.shortcode-single-image-78a9ab3e62c000048d3f734d23ea0f5f.enable-bg-rollover .rollover i,\n.shortcode-single-image-wrap.shortcode-single-image-78a9ab3e62c000048d3f734d23ea0f5f.enable-bg-rollover .rollover-video i {\n  background: -webkit-linear-gradient();\n  background: linear-gradient();\n}\n.shortcode-single-image-wrap.shortcode-single-image-78a9ab3e62c000048d3f734d23ea0f5f .rollover-icon {\n  font-size: 32px;\n  color: #ffffff;\n  min-width: 44px;\n  min-height: 44px;\n  line-height: 44px;\n  border-radius: 100px;\n  border-style: solid;\n  border-width: 0px;\n}\n.dt-icon-bg-on.shortcode-single-image-wrap.shortcode-single-image-78a9ab3e62c000048d3f734d23ea0f5f .rollover-icon {\n  background: rgba(255,255,255,0.3);\n  box-shadow: none;\n}\n<\/style><div class=\"shortcode-single-image-wrap shortcode-single-image-78a9ab3e62c000048d3f734d23ea0f5f alignnone  enable-bg-rollover dt-icon-bg-off\" style=\"margin-top:0px; margin-bottom:0px; margin-left:0px; margin-right:0px;\"><div class=\"shortcode-single-image\"><div class=\"fancy-media-wrap  layzr-bg\" style=\"\"><img fetchpriority=\"high\" decoding=\"async\" class=\"preload-me lazy-load aspect\" src=\"data:image\/svg+xml,%3Csvg%20xmlns%3D&#39;http%3A%2F%2Fwww.w3.org%2F2000%2Fsvg&#39;%20viewBox%3D&#39;0%200%201642%20790&#39;%2F%3E\" data-src=\"https:\/\/meein.com.mx\/wp-content\/uploads\/2026\/02\/capacidad-operativa-2x.png\" data-srcset=\"https:\/\/meein.com.mx\/wp-content\/uploads\/2026\/02\/capacidad-operativa-2x.png 1642w\" loading=\"eager\" sizes=\"(max-width: 1642px) 100vw, 1642px\" width=\"1642\" height=\"790\"  data-dt-location=\"https:\/\/meein.com.mx\/en\/proceso\/capacidad-operativa-2x\/\" style=\"--ratio: 1642 \/ 790;\" alt=\"\" \/><\/div><\/div><\/div><div class=\"vc_empty_space\"   style=\"height: 64px\"><span class=\"vc_empty_space_inner\"><\/span><\/div><\/div><\/div><\/div><\/div><div class=\"vc_row wpb_row vc_row-fluid\"><div class=\"wpb_column vc_column_container vc_col-sm-12\"><div class=\"vc_column-inner\"><div class=\"wpb_wrapper\"><div class=\"vc_empty_space\"   style=\"height: 32px\"><span class=\"vc_empty_space_inner\"><\/span><\/div><\/div><\/div><\/div><\/div><div class=\"vc_row wpb_row vc_row-fluid\"><div class=\"wpb_column vc_column_container vc_col-sm-12\"><div class=\"vc_column-inner\"><div class=\"wpb_wrapper\"><h3 style=\"text-align: center\" class=\"vc_custom_heading vc_do_custom_heading\" >MANUFACTURING CAPACITY<\/h3><style type=\"text\/css\" data-type=\"the7_shortcodes-inline-css\">.shortcode-single-image-wrap.shortcode-single-image-1774e164c9615db8c8bb95bd5dfcb6bb.enable-bg-rollover .rollover i,\n.shortcode-single-image-wrap.shortcode-single-image-1774e164c9615db8c8bb95bd5dfcb6bb.enable-bg-rollover .rollover-video i {\n  background: -webkit-linear-gradient();\n  background: linear-gradient();\n}\n.shortcode-single-image-wrap.shortcode-single-image-1774e164c9615db8c8bb95bd5dfcb6bb .rollover-icon {\n  font-size: 32px;\n  color: #ffffff;\n  min-width: 44px;\n  min-height: 44px;\n  line-height: 44px;\n  border-radius: 100px;\n  border-style: solid;\n  border-width: 0px;\n}\n.dt-icon-bg-on.shortcode-single-image-wrap.shortcode-single-image-1774e164c9615db8c8bb95bd5dfcb6bb .rollover-icon {\n  background: rgba(255,255,255,0.3);\n  box-shadow: none;\n}\n<\/style><div class=\"shortcode-single-image-wrap shortcode-single-image-1774e164c9615db8c8bb95bd5dfcb6bb alignnone  enable-bg-rollover dt-icon-bg-off\" style=\"margin-top:0px; margin-bottom:0px; margin-left:0px; margin-right:0px;\"><div class=\"shortcode-single-image\"><div class=\"fancy-media-wrap  layzr-bg\" style=\"\"><img decoding=\"async\" class=\"preload-me lazy-load aspect\" src=\"data:image\/svg+xml,%3Csvg%20xmlns%3D&#39;http%3A%2F%2Fwww.w3.org%2F2000%2Fsvg&#39;%20viewBox%3D&#39;0%200%201608%20880&#39;%2F%3E\" data-src=\"https:\/\/meein.com.mx\/wp-content\/uploads\/2026\/02\/capacidad-de-frabricacion-2x.png\" data-srcset=\"https:\/\/meein.com.mx\/wp-content\/uploads\/2026\/02\/capacidad-de-frabricacion-2x.png 1608w\" loading=\"eager\" sizes=\"(max-width: 1608px) 100vw, 1608px\" width=\"1608\" height=\"880\"  data-dt-location=\"https:\/\/meein.com.mx\/en\/proceso\/capacidad-de-frabricacion-2x\/\" style=\"--ratio: 1608 \/ 880;\" alt=\"\" \/><\/div><\/div><\/div><div class=\"vc_empty_space\"   style=\"height: 64px\"><span class=\"vc_empty_space_inner\"><\/span><\/div><\/div><\/div><\/div><\/div><div class=\"vc_row wpb_row vc_row-fluid\"><div class=\"wpb_column vc_column_container vc_col-sm-12\"><div class=\"vc_column-inner\"><div class=\"wpb_wrapper\"><div class=\"vc_empty_space\"   style=\"height: 64px\"><span class=\"vc_empty_space_inner\"><\/span><\/div><\/div><\/div><\/div><\/div><div class=\"vc_row wpb_row vc_row-fluid\"><div class=\"wpb_column vc_column_container vc_col-sm-6\"><div class=\"vc_column-inner\"><div class=\"wpb_wrapper\"><style type=\"text\/css\" data-type=\"the7_shortcodes-inline-css\">.shortcode-single-image-wrap.shortcode-single-image-2092fcddafe382d93669ad6145883593.enable-bg-rollover .rollover i,\n.shortcode-single-image-wrap.shortcode-single-image-2092fcddafe382d93669ad6145883593.enable-bg-rollover .rollover-video i {\n  background: -webkit-linear-gradient();\n  background: linear-gradient();\n}\n.shortcode-single-image-wrap.shortcode-single-image-2092fcddafe382d93669ad6145883593 .rollover-icon {\n  font-size: 32px;\n  color: #ffffff;\n  min-width: 44px;\n  min-height: 44px;\n  line-height: 44px;\n  border-radius: 100px;\n  border-style: solid;\n  border-width: 0px;\n}\n.dt-icon-bg-on.shortcode-single-image-wrap.shortcode-single-image-2092fcddafe382d93669ad6145883593 .rollover-icon {\n  background: rgba(255,255,255,0.3);\n  box-shadow: none;\n}\n<\/style><div class=\"shortcode-single-image-wrap shortcode-single-image-2092fcddafe382d93669ad6145883593 alignnone  enable-bg-rollover dt-icon-bg-off\" style=\"margin-top:0px; margin-bottom:0px; margin-left:0px; margin-right:0px;\"><div class=\"shortcode-single-image\"><div class=\"fancy-media-wrap  layzr-bg\" style=\"\"><img decoding=\"async\" class=\"preload-me lazy-load aspect\" src=\"data:image\/svg+xml,%3Csvg%20xmlns%3D&#39;http%3A%2F%2Fwww.w3.org%2F2000%2Fsvg&#39;%20viewBox%3D&#39;0%200%20523%20317&#39;%2F%3E\" data-src=\"https:\/\/meein.com.mx\/wp-content\/uploads\/2024\/06\/meein-mecatronica_e_integracion-proceso-laboratorio.png\" data-srcset=\"https:\/\/meein.com.mx\/wp-content\/uploads\/2024\/06\/meein-mecatronica_e_integracion-proceso-laboratorio.png 523w\" loading=\"eager\" sizes=\"(max-width: 523px) 100vw, 523px\" width=\"523\" height=\"317\"  data-dt-location=\"https:\/\/meein.com.mx\/en\/meein-mecatronica_e_integracion-proceso-laboratorio\/\" style=\"--ratio: 523 \/ 317;\" alt=\"\" \/><\/div><\/div><\/div><\/div><\/div><\/div><div class=\"wpb_column vc_column_container vc_col-sm-6\"><div class=\"vc_column-inner\"><div class=\"wpb_wrapper\">\n\t<div class=\"wpb_text_column wpb_content_element\" >\n\t\t<div class=\"wpb_wrapper\">\n\t\t\t<h3>Quality, Prototyping<br \/>\nand Testing Laboratory<\/h3>\n\n\t\t<\/div>\n\t<\/div>\n\n\t<div class=\"wpb_text_column wpb_content_element\" >\n\t\t<div class=\"wpb_wrapper\">\n\t\t\t<p style=\"text-align: justify;\"><strong>A new manufacturing process involve to have a vast knowledge of the product itself, therefore we offer our laboratory for analysis and testing, where we can perform:<\/strong><\/p>\n\n\t\t<\/div>\n\t<\/div>\n<div class=\"vc_row wpb_row vc_inner vc_row-fluid\"><div class=\"wpb_column vc_column_container vc_col-sm-3\/5\"><div class=\"vc_column-inner\"><div class=\"wpb_wrapper\"><div class=\"standard-arrow bullet-top\"><ul>\n<li>Dimensional analysis<\/li>\n<li>Manufacture of prototype parts (Machined or Printed)<\/li>\n<li>Forces and assembly distances analysis<\/li>\n<\/ul>\n<\/div><\/div><\/div><\/div><div class=\"wpb_column vc_column_container vc_col-sm-2\/5\"><div class=\"vc_column-inner\"><div class=\"wpb_wrapper\"><div class=\"standard-arrow bullet-top\"><ul>\n<li>Torque or moment analysis<\/li>\n<li>Hardness analysis<\/li>\n<li>Functional tests<\/li>\n<\/ul>\n<\/div><\/div><\/div><\/div><\/div><div class=\"vc_empty_space\"   style=\"height: 32px\"><span class=\"vc_empty_space_inner\"><\/span><\/div><div class=\"ubtn-ctn-left\"><a class=\"ubtn-link ult-adjust-bottom-margin ubtn-left ubtn-normal\" href=\"https:\/\/meein.com.mx\/en\/soluciones\/\" ><button type=\"button\" id=\"ubtn-4315\"  class=\"ubtn ult-adjust-bottom-margin ult-responsive ubtn-normal ubtn-no-hover-bg  ulta-grow  ubtn-left   tooltip-69ea69025f5ad\"  data-hover=\"\" data-border-color=\"#154863\" data-bg=\"#154863\" data-hover-bg=\"\" data-border-hover=\"#154863\" data-shadow-hover=\"\" data-shadow-click=\"none\" data-shadow=\"\" data-shd-shadow=\"\"  data-ultimate-target='#ubtn-4315'  data-responsive-json-new='{\"font-size\":\"desktop:17px;\",\"line-height\":\"desktop:28px;\"}'  style=\"font-family:&#039;Open Sans&#039;;font-weight:bold;border-radius:10px;border-width:2px;border-color:#154863;border-style:solid;background: #154863;color: #ffffff;\"><span class=\"ubtn-hover\" style=\"background-color:\"><\/span><span class=\"ubtn-data ubtn-text\" >How do we apply it?<\/span><\/button><\/a><\/div><\/div><\/div><\/div><\/div>\n<\/div>","protected":false},"excerpt":{"rendered":"<p>En MEEIN contamos con una metodolog\u00eda estandarizada para la ejecuci\u00f3n de sus proyectos, est\u00e1 basada en las mejoras pr\u00e1cticas de experiencias propias y con nuestros clientes, a trav\u00e9s de 10 pasos esenciales. Close En MEEIN entendemos la importancia del correcto manejo de sus proyectos, por lo cual hemos desarrollado un sistema de gesti\u00f3n de administraci\u00f3n.&hellip;<\/p>","protected":false},"author":1,"featured_media":0,"parent":0,"menu_order":0,"comment_status":"closed","ping_status":"closed","template":"","meta":{"footnotes":""},"class_list":["post-52","page","type-page","status-publish","hentry","description-off"],"yoast_head":"<!-- This site is optimized with the Yoast SEO plugin v23.8 - https:\/\/yoast.com\/wordpress\/plugins\/seo\/ -->\n<title>Proceso - Meein<\/title>\n<meta name=\"robots\" content=\"index, follow, max-snippet:-1, max-image-preview:large, max-video-preview:-1\" \/>\n<link rel=\"canonical\" href=\"https:\/\/meein.com.mx\/en\/proceso\/\" \/>\n<meta property=\"og:locale\" content=\"en_US\" \/>\n<meta property=\"og:type\" content=\"article\" \/>\n<meta property=\"og:title\" content=\"Proceso - Meein\" \/>\n<meta property=\"og:url\" content=\"https:\/\/meein.com.mx\/en\/proceso\/\" \/>\n<meta property=\"og:site_name\" content=\"Meein\" \/>\n<meta property=\"article:modified_time\" content=\"2026-02-25T19:03:18+00:00\" \/>\n<meta name=\"twitter:card\" content=\"summary_large_image\" \/>\n<meta name=\"twitter:label1\" content=\"Est. reading time\" \/>\n\t<meta name=\"twitter:data1\" content=\"3 minutes\" \/>\n<!-- \/ Yoast SEO plugin. -->","yoast_head_json":{"title":"Proceso - Meein","robots":{"index":"index","follow":"follow","max-snippet":"max-snippet:-1","max-image-preview":"max-image-preview:large","max-video-preview":"max-video-preview:-1"},"canonical":"https:\/\/meein.com.mx\/en\/proceso\/","og_locale":"en_US","og_type":"article","og_title":"Proceso - Meein","og_url":"https:\/\/meein.com.mx\/en\/proceso\/","og_site_name":"Meein","article_modified_time":"2026-02-25T19:03:18+00:00","twitter_card":"summary_large_image","twitter_misc":{"Est. reading time":"3 minutes"},"schema":{"@context":"https:\/\/schema.org","@graph":[{"@type":"WebPage","@id":"https:\/\/meein.com.mx\/proceso\/","url":"https:\/\/meein.com.mx\/proceso\/","name":"Proceso - Meein","isPartOf":{"@id":"https:\/\/meein.com.mx\/#website"},"datePublished":"2024-06-20T02:16:39+00:00","dateModified":"2026-02-25T19:03:18+00:00","breadcrumb":{"@id":"https:\/\/meein.com.mx\/proceso\/#breadcrumb"},"inLanguage":"en-US","potentialAction":[{"@type":"ReadAction","target":["https:\/\/meein.com.mx\/proceso\/"]}]},{"@type":"BreadcrumbList","@id":"https:\/\/meein.com.mx\/proceso\/#breadcrumb","itemListElement":[{"@type":"ListItem","position":1,"name":"Portada","item":"https:\/\/meein.com.mx\/"},{"@type":"ListItem","position":2,"name":"Proceso"}]},{"@type":"WebSite","@id":"https:\/\/meein.com.mx\/#website","url":"https:\/\/meein.com.mx\/","name":"Meein","description":"Soluciones en automatizaci\u00f3n de procesos","publisher":{"@id":"https:\/\/meein.com.mx\/#organization"},"potentialAction":[{"@type":"SearchAction","target":{"@type":"EntryPoint","urlTemplate":"https:\/\/meein.com.mx\/?s={search_term_string}"},"query-input":{"@type":"PropertyValueSpecification","valueRequired":true,"valueName":"search_term_string"}}],"inLanguage":"en-US"},{"@type":"Organization","@id":"https:\/\/meein.com.mx\/#organization","name":"Meein","url":"https:\/\/meein.com.mx\/","logo":{"@type":"ImageObject","inLanguage":"en-US","@id":"https:\/\/meein.com.mx\/#\/schema\/logo\/image\/","url":"https:\/\/meein.com.mx\/wp-content\/uploads\/2024\/06\/meein-logo-favicon.png","contentUrl":"https:\/\/meein.com.mx\/wp-content\/uploads\/2024\/06\/meein-logo-favicon.png","width":115,"height":115,"caption":"Meein"},"image":{"@id":"https:\/\/meein.com.mx\/#\/schema\/logo\/image\/"}}]}},"_links":{"self":[{"href":"https:\/\/meein.com.mx\/en\/wp-json\/wp\/v2\/pages\/52","targetHints":{"allow":["GET"]}}],"collection":[{"href":"https:\/\/meein.com.mx\/en\/wp-json\/wp\/v2\/pages"}],"about":[{"href":"https:\/\/meein.com.mx\/en\/wp-json\/wp\/v2\/types\/page"}],"author":[{"embeddable":true,"href":"https:\/\/meein.com.mx\/en\/wp-json\/wp\/v2\/users\/1"}],"replies":[{"embeddable":true,"href":"https:\/\/meein.com.mx\/en\/wp-json\/wp\/v2\/comments?post=52"}],"version-history":[{"count":13,"href":"https:\/\/meein.com.mx\/en\/wp-json\/wp\/v2\/pages\/52\/revisions"}],"predecessor-version":[{"id":768,"href":"https:\/\/meein.com.mx\/en\/wp-json\/wp\/v2\/pages\/52\/revisions\/768"}],"wp:attachment":[{"href":"https:\/\/meein.com.mx\/en\/wp-json\/wp\/v2\/media?parent=52"}],"curies":[{"name":"wp","href":"https:\/\/api.w.org\/{rel}","templated":true}]}}